{"id":18305,"date":"2024-08-05T13:26:26","date_gmt":"2024-08-05T13:26:26","guid":{"rendered":"https:\/\/haus-eder.at\/imprint\/"},"modified":"2026-02-02T11:17:30","modified_gmt":"2026-02-02T11:17:30","slug":"imprint","status":"publish","type":"page","link":"https:\/\/haus-eder.at\/en\/imprint\/","title":{"rendered":"IMPRINT"},"content":{"rendered":"\t\t<div data-elementor-type=\"wp-post\" data-elementor-id=\"18305\" class=\"elementor elementor-18305 elementor-16808\" data-elementor-post-type=\"page\">\n\t\t\t\t<div class=\"elementor-element elementor-element-301e073 e-con-full e-flex e-con e-parent\" data-id=\"301e073\" data-element_type=\"container\" data-e-type=\"container\" data-settings=\"{&quot;background_background&quot;:&quot;classic&quot;}\">\n\t\t\t\t<div class=\"elementor-element elementor-element-2fb8921 elementor--h-position-center elementor--v-position-middle elementor-arrows-position-inside elementor-pagination-position-inside elementor-widget elementor-widget-slides\" data-id=\"2fb8921\" data-element_type=\"widget\" data-e-type=\"widget\" data-settings=\"{&quot;navigation&quot;:&quot;both&quot;,&quot;autoplay&quot;:&quot;yes&quot;,&quot;pause_on_hover&quot;:&quot;yes&quot;,&quot;pause_on_interaction&quot;:&quot;yes&quot;,&quot;autoplay_speed&quot;:5000,&quot;infinite&quot;:&quot;yes&quot;,&quot;transition&quot;:&quot;slide&quot;,&quot;transition_speed&quot;:500}\" data-widget_type=\"slides.default\">\n\t\t\t\t<div class=\"elementor-widget-container\">\n\t\t\t\t\t\t\t\t\t<div class=\"elementor-swiper\">\n\t\t\t\t\t<div class=\"elementor-slides-wrapper elementor-main-swiper swiper\" role=\"region\" aria-roledescription=\"carousel\" aria-label=\"Slider\" dir=\"ltr\" data-animation=\"fadeInUp\">\n\t\t\t\t<div class=\"swiper-wrapper elementor-slides\">\n\t\t\t\t\t\t\t\t\t\t<div class=\"elementor-repeater-item-1b97e7a swiper-slide\" role=\"group\" aria-roledescription=\"slide\"><div class=\"swiper-slide-bg elementor-ken-burns elementor-ken-burns--in\" role=\"img\" aria-label=\"G\u00e4stehaus Eder StMartin Tennengebirge Kontakt\"><\/div><div class=\"elementor-background-overlay\"><\/div><a class=\"swiper-slide-inner\" href=\"#\"><div class=\"swiper-slide-contents\"><div class=\"elementor-slide-heading\">Guesthouse Eder<\/div><\/div><\/a><\/div>\t\t\t\t<\/div>\n\t\t\t\t\t\t\t<\/div>\n\t\t\t\t<\/div>\n\t\t\t\t\t\t\t\t<\/div>\n\t\t\t\t<\/div>\n\t\t\t\t<\/div>\n\t\t<div class=\"elementor-element elementor-element-641f9bd e-flex e-con-boxed e-con e-parent\" data-id=\"641f9bd\" data-element_type=\"container\" data-e-type=\"container\" data-settings=\"{&quot;background_background&quot;:&quot;classic&quot;}\">\n\t\t\t\t\t<div class=\"e-con-inner\">\n\t\t<div class=\"elementor-element elementor-element-9e72141 e-con-full e-flex e-con e-child\" data-id=\"9e72141\" data-element_type=\"container\" data-e-type=\"container\">\n\t\t<div class=\"elementor-element elementor-element-a1b16cb e-con-full e-flex e-con e-child\" data-id=\"a1b16cb\" data-element_type=\"container\" data-e-type=\"container\">\n\t\t\t\t<div class=\"elementor-element elementor-element-a20a403 elementor-widget elementor-widget-html\" data-id=\"a20a403\" data-element_type=\"widget\" data-e-type=\"widget\" data-widget_type=\"html.default\">\n\t\t\t\t<div class=\"elementor-widget-container\">\n\t\t\t\t\t<h1>Legal Notice<\/h1>\r\n<h2 id=\"m46\">Provider<\/h2>\r\n<p>G\u00e4stehaus Eder<\/p>\r\n<p>Daniela Eder<\/p>\r\n<p>Edstra\u00dfe 14<\/p>\r\n<p>5622 St. Martin am Tennengebirge<\/p>\r\n<p>\u00d6sterreich<\/p>\r\n\r\n<h2 id=\"m56\">Contact Options<\/h2><p>E-Mail Address: info@haus-eder.at<\/p>\r\n<p>Phone: +43 664 23 82 061<\/p>\r\n<p>Further contact possibilities: +43 664 23 82 061<\/p>\r\n\r\n<h2 id=\"m58\">Company Details<\/h2><p>VAT identification number: ATU59667444<\/p>\r\n<p>Business area: Vermietung von Ferienwohnungen<\/p>\r\n\r\n<h2 id=\"m151\">Register, Type of Register and Register Number<\/h2><p>The register is administered by: Privatvermieterverband<\/p>\r\n\r\n<h2 id=\"m166\">Supervisory Authority<\/h2><p>Supervisory or central authority: <\/p>\r\n<p>Bezirkshauptmannschaft (BH) St. Johann<br>Hauptsra\u00dfe 1<br>5600 St Johann im Pongau<\/p>\r\n<p>Website: <a href=\"https:\/\/www.salzburg.gv.at\/dienststellen\/bezirke\/bh-stjohann\" target=\"_blank\">https:\/\/www.salzburg.gv.at\/dienststellen\/bezirke\/bh-stjohann<\/a><\/p>\r\n\r\n<h2 id=\"m174\">Consumer Dispute Resolution<\/h2><p>We are not willing and not obliged to participate in any dispute resolution proceedings before a consumer arbitration board.<\/p>\r\n\r\n<h2 id=\"m172\">Social Media Accounts and other Online Profiles<\/h2><p>This legal notice also applies to the following social media accounts and online profiles: <\/p>\r\n<p><a href=\"https:\/\/www.facebook.com\/appartements.eder\" target=\"_blank\">https:\/\/www.facebook.com\/appartements.eder<\/a><\/p>\r\n<p><a href=\"https:\/\/www.instagram.com\/haus.eder\" target=\"_blank\">https:\/\/www.instagram.com\/haus.eder<\/a><\/p>\r\n\r\n<h2>Concept & Implementation<\/h2><p>Concept & Implementation (Design\/Programming): <a href=\"https:\/\/grauzone.rocks\" target=\"_blank\" rel=\"noopener noreferrer\">Werbeagentur grauzone.rocks<\/a><\/p>\r\n\r\n<h2 id=\"m169\">Image credits<\/h2><p>Image Sources and Copyright Notices: <\/p>\r\n<p>Bildquellen und Urheberrechtshinweise:<\/p>\r\n<p>G\u00e4stehaus Eder<\/p>\r\n<p>TVB St. Martin am Tennengebirge<\/p>\r\n<p>tennengau.com<\/p>\r\n<p>abtenau-info.at<\/p>\r\n<p>Dachstein West<\/p>\r\n<p>Bernhard Moser<\/p>\r\n<p>Herbert Raffalt<\/p>\r\n<p>Dieter Schaufler<\/p>\r\n<p>SalzburgerLand Tourismus \u2013 M\u00fchlbach, Saalbach Hinterglemm, Eva-Maria Repolusk \/ eva trifft., ideenwerk werbeagentur gmbh<\/p>\r\n<p>www.freeimages.com<\/p>\r\n<p>www.freepik.com<\/p>\r\n\r\n<p class=\"seal\"><a href=\"https:\/\/datenschutz-generator.de\/\" title=\"Legal text by Dr. Schwenke - please click for further information.\" target=\"_blank\" rel=\"noopener noreferrer nofollow\"><img fetchpriority=\"high\" decoding=\"async\" src=\"https:\/\/datenschutz-generator.de\/wp-content\/plugins\/ts-dsg\/images\/dsg-seal\/dsg-seal-doc-en.png\" alt=\"Legal text by Dr. Schwenke - please click for further information.\" width=\"250\" height=\"250\"><\/a><\/p>\r\n\t\t\t\t<\/div>\n\t\t\t\t<\/div>\n\t\t\t\t<\/div>\n\t\t\t\t<\/div>\n\t\t\t\t\t<\/div>\n\t\t\t\t<\/div>\n\t\t<div class=\"elementor-element elementor-element-4324c21 e-con-full e-flex e-con e-parent\" data-id=\"4324c21\" data-element_type=\"container\" data-e-type=\"container\">\n\t\t\t\t<div class=\"elementor-element elementor-element-1fa89fa elementor-fixed elementor-view-default elementor-invisible elementor-widget elementor-widget-icon\" data-id=\"1fa89fa\" data-element_type=\"widget\" data-e-type=\"widget\" data-settings=\"{&quot;_position&quot;:&quot;fixed&quot;,&quot;_animation&quot;:&quot;fadeIn&quot;,&quot;_animation_delay&quot;:2000}\" data-widget_type=\"icon.default\">\n\t\t\t\t<div class=\"elementor-widget-container\">\n\t\t\t\t\t\t\t<div class=\"elementor-icon-wrapper\">\n\t\t\t<a class=\"elementor-icon\" href=\"#top\">\n\t\t\t<svg aria-hidden=\"true\" class=\"e-font-icon-svg e-fas-chevron-up\" viewBox=\"0 0 448 512\" xmlns=\"http:\/\/www.w3.org\/2000\/svg\"><path d=\"M240.971 130.524l194.343 194.343c9.373 9.373 9.373 24.569 0 33.941l-22.667 22.667c-9.357 9.357-24.522 9.375-33.901.04L224 227.495 69.255 381.516c-9.379 9.335-24.544 9.317-33.901-.04l-22.667-22.667c-9.373-9.373-9.373-24.569 0-33.941L207.03 130.525c9.372-9.373 24.568-9.373 33.941-.001z\"><\/path><\/svg>\t\t\t<\/a>\n\t\t<\/div>\n\t\t\t\t\t\t<\/div>\n\t\t\t\t<\/div>\n\t\t\t\t<\/div>\n\t\t\t\t<\/div>\n\t\t","protected":false},"excerpt":{"rendered":"<p>Guesthouse Eder Legal Notice Provider G\u00e4stehaus Eder Daniela Eder Edstra\u00dfe 14 5622 St. Martin am Tennengebirge \u00d6sterreich Contact Options E-Mail Address: info@haus-eder.at Phone: +43 664 23 82 061 Further contact possibilities: +43 664 23 82 061 Company Details VAT identification number: ATU59667444 Business area: Vermietung von Ferienwohnungen Register, Type of Register and Register Number The [&hellip;]<\/p>\n","protected":false},"author":4,"featured_media":0,"parent":0,"menu_order":0,"comment_status":"closed","ping_status":"closed","template":"elementor_header_footer","meta":{"_seopress_robots_primary_cat":"","_seopress_titles_title":"","_seopress_titles_desc":"","_seopress_robots_index":"","footnotes":""},"class_list":["post-18305","page","type-page","status-publish","hentry"],"_links":{"self":[{"href":"https:\/\/haus-eder.at\/en\/wp-json\/wp\/v2\/pages\/18305","targetHints":{"allow":["GET"]}}],"collection":[{"href":"https:\/\/haus-eder.at\/en\/wp-json\/wp\/v2\/pages"}],"about":[{"href":"https:\/\/haus-eder.at\/en\/wp-json\/wp\/v2\/types\/page"}],"author":[{"embeddable":true,"href":"https:\/\/haus-eder.at\/en\/wp-json\/wp\/v2\/users\/4"}],"replies":[{"embeddable":true,"href":"https:\/\/haus-eder.at\/en\/wp-json\/wp\/v2\/comments?post=18305"}],"version-history":[{"count":12,"href":"https:\/\/haus-eder.at\/en\/wp-json\/wp\/v2\/pages\/18305\/revisions"}],"predecessor-version":[{"id":18806,"href":"https:\/\/haus-eder.at\/en\/wp-json\/wp\/v2\/pages\/18305\/revisions\/18806"}],"wp:attachment":[{"href":"https:\/\/haus-eder.at\/en\/wp-json\/wp\/v2\/media?parent=18305"}],"curies":[{"name":"wp","href":"https:\/\/api.w.org\/{rel}","templated":true}]}}